{"id":5593,"date":"2025-08-07T22:18:07","date_gmt":"2025-08-07T22:18:07","guid":{"rendered":"https:\/\/www.cru.org\/panama\/?page_id=5593"},"modified":"2025-10-24T01:49:53","modified_gmt":"2025-10-24T01:49:53","slug":"descubre","status":"publish","type":"page","link":"https:\/\/www.cru.org\/panama\/descubre\/","title":{"rendered":"Descubre"},"content":{"rendered":"\t\t<div data-elementor-type=\"wp-page\" data-elementor-id=\"5593\" class=\"elementor elementor-5593\" data-elementor-post-type=\"page\">\n\t\t\t\t<div data-particle_enable=\"false\" data-particle-mobile-disabled=\"false\" class=\"elementor-element elementor-element-76d924c4 e-flex e-con-boxed e-con e-parent\" data-id=\"76d924c4\" data-element_type=\"container\" data-settings=\"{&quot;background_background&quot;:&quot;classic&quot;}\">\n\t\t\t\t\t<div class=\"e-con-inner\">\n\t\t\t\t<div class=\"elementor-element elementor-element-9b7b878 elementor-widget elementor-widget-heading\" data-id=\"9b7b878\" data-element_type=\"widget\" data-widget_type=\"heading.default\">\n\t\t\t\t\t\t<div class=\"elementor-widget-container\">\n\t\t\t\t\t<h6 class=\"elementor-heading-title elementor-size-default\">CONOCE<\/h6>\t\t\t\t<\/div>\n\t\t\t\t<\/div>\n\t\t\t\t<div class=\"elementor-element elementor-element-b4eeb3d elementor-widget elementor-widget-heading\" data-id=\"b4eeb3d\" data-element_type=\"widget\" data-widget_type=\"heading.default\">\n\t\t\t\t\t\t<div class=\"elementor-widget-container\">\n\t\t\t\t\t<h1 class=\"elementor-heading-title elementor-size-default\">Descubre<\/h1>\t\t\t\t<\/div>\n\t\t\t\t<\/div>\n\t\t\t\t<div class=\"elementor-element elementor-element-df4fa4e elementor-widget-divider--separator-type-pattern elementor-widget-divider--view-line elementor-widget elementor-widget-divider\" data-id=\"df4fa4e\" data-element_type=\"widget\" data-widget_type=\"divider.default\">\n\t\t\t\t\t\t<div class=\"elementor-widget-container\">\n\t\t\t\t\t\t\t<div class=\"elementor-divider\" style=\"--divider-pattern-url: url(&quot;data:image\/svg+xml,%3Csvg xmlns=&#039;http:\/\/www.w3.org\/2000\/svg&#039; preserveAspectRatio=&#039;none&#039; overflow=&#039;visible&#039; height=&#039;100%&#039; viewBox=&#039;0 0 24 24&#039; fill=&#039;none&#039; stroke=&#039;black&#039; stroke-width=&#039;3&#039; stroke-linecap=&#039;square&#039; stroke-miterlimit=&#039;10&#039;%3E%3Cpolyline points=&#039;0,18 12,6 24,18 &#039;\/%3E%3C\/svg%3E&quot;);\">\n\t\t\t<span class=\"elementor-divider-separator\">\n\t\t\t\t\t\t<\/span>\n\t\t<\/div>\n\t\t\t\t\t\t<\/div>\n\t\t\t\t<\/div>\n\t\t\t\t<div class=\"elementor-element elementor-element-4364801 elementor-widget elementor-widget-heading\" data-id=\"4364801\" data-element_type=\"widget\" data-widget_type=\"heading.default\">\n\t\t\t\t\t\t<div class=\"elementor-widget-container\">\n\t\t\t\t\t<h4 class=\"elementor-heading-title elementor-size-default\">Empieza a conocer el coraz\u00f3n de Dios y c\u00f3mo su amor puede cambiar tu historia.\nNo necesitas tener todas las respuestas. Solo el primer paso.<\/h4>\t\t\t\t<\/div>\n\t\t\t\t<\/div>\n\t\t\t\t\t<\/div>\n\t\t\t\t<\/div>\n\t\t<div data-particle_enable=\"false\" data-particle-mobile-disabled=\"false\" class=\"elementor-element elementor-element-107d2fa e-flex e-con-boxed e-con e-parent\" data-id=\"107d2fa\" data-element_type=\"container\">\n\t\t\t\t\t<div class=\"e-con-inner\">\n\t\t\t\t\t<\/div>\n\t\t\t\t<\/div>\n\t\t<div data-particle_enable=\"false\" data-particle-mobile-disabled=\"false\" class=\"elementor-element elementor-element-d2c8659 e-flex e-con-boxed e-con e-parent\" data-id=\"d2c8659\" data-element_type=\"container\" data-settings=\"{&quot;background_background&quot;:&quot;classic&quot;}\">\n\t\t\t\t\t<div class=\"e-con-inner\">\n\t\t\t\t<div class=\"elementor-element elementor-element-12d219a elementor-widget elementor-widget-heading\" data-id=\"12d219a\" data-element_type=\"widget\" data-widget_type=\"heading.default\">\n\t\t\t\t\t\t<div class=\"elementor-widget-container\">\n\t\t\t\t\t<h2 class=\"elementor-heading-title elementor-size-default\">Todos Los Recursos<\/h2>\t\t\t\t<\/div>\n\t\t\t\t<\/div>\n\t\t<div data-particle_enable=\"false\" data-particle-mobile-disabled=\"false\" class=\"elementor-element elementor-element-02174f8 e-con-full e-flex e-con e-child\" data-id=\"02174f8\" data-element_type=\"container\" data-settings=\"{&quot;background_background&quot;:&quot;classic&quot;}\">\n\t\t<div data-particle_enable=\"false\" data-particle-mobile-disabled=\"false\" class=\"elementor-element elementor-element-582fac9 e-grid e-con-full e-con e-child\" data-id=\"582fac9\" data-element_type=\"container\" data-settings=\"{&quot;background_background&quot;:&quot;classic&quot;}\">\n\t\t<div data-particle_enable=\"false\" data-particle-mobile-disabled=\"false\" class=\"elementor-element elementor-element-e4f01f3 e-con-full e-flex e-con e-child\" data-id=\"e4f01f3\" data-element_type=\"container\" data-settings=\"{&quot;background_background&quot;:&quot;classic&quot;}\">\n\t\t<div data-particle_enable=\"false\" data-particle-mobile-disabled=\"false\" class=\"elementor-element elementor-element-8828f18 e-con-full e-flex e-con e-child\" data-id=\"8828f18\" data-element_type=\"container\">\n\t\t\t\t<div class=\"elementor-element elementor-element-37106ab elementor-widget elementor-widget-image\" data-id=\"37106ab\" data-element_type=\"widget\" data-widget_type=\"image.default\">\n\t\t\t\t\t\t<div class=\"elementor-widget-container\">\n\t\t\t\t\t\t\t\t\t\t\t\t\t\t\t<img decoding=\"async\" src=\"https:\/\/www.cru.org\/panama\/wp-content\/uploads\/sites\/960\/2025\/08\/3.jpg?w=432\" title=\"3\" alt=\"3\" loading=\"lazy\" \/>\t\t\t\t\t\t\t\t\t\t\t\t\t\t\t<\/div>\n\t\t\t\t<\/div>\n\t\t\t\t<\/div>\n\t\t<div data-particle_enable=\"false\" data-particle-mobile-disabled=\"false\" class=\"elementor-element elementor-element-ddcdeac e-con-full e-flex e-con e-child\" data-id=\"ddcdeac\" data-element_type=\"container\">\n\t\t\t\t<div class=\"elementor-element elementor-element-be501ea elementor-widget elementor-widget-heading\" data-id=\"be501ea\" data-element_type=\"widget\" data-widget_type=\"heading.default\">\n\t\t\t\t\t\t<div class=\"elementor-widget-container\">\n\t\t\t\t\t<h3 class=\"elementor-heading-title elementor-size-default\">\u00bfTe Gustar\u00eda Conocer a Dios Personalmente?<\/h3>\t\t\t\t<\/div>\n\t\t\t\t<\/div>\n\t\t\t\t<\/div>\n\t\t<div data-particle_enable=\"false\" data-particle-mobile-disabled=\"false\" class=\"elementor-element elementor-element-0f3420d e-con-full e-flex e-con e-child\" data-id=\"0f3420d\" data-element_type=\"container\" data-settings=\"{&quot;background_background&quot;:&quot;classic&quot;}\">\n\t\t\t\t<div class=\"elementor-element elementor-element-81fa1c6 elementor-widget elementor-widget-text-editor\" data-id=\"81fa1c6\" data-element_type=\"widget\" data-widget_type=\"text-editor.default\">\n\t\t\t\t\t\t<div class=\"elementor-widget-container\">\n\t\t\t\t\t\t\t\t\t<p>\u00bfC\u00f3mo comenzar una relaci\u00f3n con Dios? Estos principios explican c\u00f3mo puedes, personalmente, empezar una relaci\u00f3n con Dios ya, a trav\u00e9s de Jesucristo.<\/p>\t\t\t\t\t\t\t\t<\/div>\n\t\t\t\t<\/div>\n\t\t\t\t<div class=\"elementor-element elementor-element-249abc8 elementor-align-center elementor-widget elementor-widget-button\" data-id=\"249abc8\" data-element_type=\"widget\" data-widget_type=\"button.default\">\n\t\t\t\t\t\t<div class=\"elementor-widget-container\">\n\t\t\t\t\t\t\t\t\t<div class=\"elementor-button-wrapper\">\n\t\t\t\t\t<a class=\"elementor-button elementor-button-link elementor-size-sm\" href=\"https:\/\/www.cru.org\/panama\/conociendo-a-dios\/\" target=\"_blank\">\n\t\t\t\t\t\t<span class=\"elementor-button-content-wrapper\">\n\t\t\t\t\t\t\t\t\t<span class=\"elementor-button-text\">LEER M\u00c1S<\/span>\n\t\t\t\t\t<\/span>\n\t\t\t\t\t<\/a>\n\t\t\t\t<\/div>\n\t\t\t\t\t\t\t\t<\/div>\n\t\t\t\t<\/div>\n\t\t\t\t<\/div>\n\t\t\t\t<\/div>\n\t\t<div data-particle_enable=\"false\" data-particle-mobile-disabled=\"false\" class=\"elementor-element elementor-element-14e6a52 e-con-full e-flex e-con e-child\" data-id=\"14e6a52\" data-element_type=\"container\" data-settings=\"{&quot;background_background&quot;:&quot;classic&quot;}\">\n\t\t<div data-particle_enable=\"false\" data-particle-mobile-disabled=\"false\" class=\"elementor-element elementor-element-1ff11ab e-con-full e-flex e-con e-child\" data-id=\"1ff11ab\" data-element_type=\"container\" data-settings=\"{&quot;background_background&quot;:&quot;classic&quot;}\">\n\t\t<div data-particle_enable=\"false\" data-particle-mobile-disabled=\"false\" class=\"elementor-element elementor-element-e1d8cc2 e-con-full e-flex e-con e-child\" data-id=\"e1d8cc2\" data-element_type=\"container\">\n\t\t\t\t<div class=\"elementor-element elementor-element-d43e505 elementor-widget elementor-widget-image\" data-id=\"d43e505\" data-element_type=\"widget\" data-widget_type=\"image.default\">\n\t\t\t\t\t\t<div class=\"elementor-widget-container\">\n\t\t\t\t\t\t\t\t\t\t\t\t\t\t\t<img decoding=\"async\" src=\"https:\/\/www.cru.org\/panama\/wp-content\/uploads\/sites\/960\/2025\/07\/8.png?w=703\" title=\"8\" alt=\"8\" loading=\"lazy\" \/>\t\t\t\t\t\t\t\t\t\t\t\t\t\t\t<\/div>\n\t\t\t\t<\/div>\n\t\t\t\t<\/div>\n\t\t<div data-particle_enable=\"false\" data-particle-mobile-disabled=\"false\" class=\"elementor-element elementor-element-2b46563 e-con-full e-flex e-con e-child\" data-id=\"2b46563\" data-element_type=\"container\">\n\t\t\t\t<div class=\"elementor-element elementor-element-30a8ad9 elementor-widget elementor-widget-heading\" data-id=\"30a8ad9\" data-element_type=\"widget\" data-widget_type=\"heading.default\">\n\t\t\t\t\t\t<div class=\"elementor-widget-container\">\n\t\t\t\t\t<h3 class=\"elementor-heading-title elementor-size-default\">Jes\u00fas: \u00bfDios o simplemente un buen hombre?<\/h3>\t\t\t\t<\/div>\n\t\t\t\t<\/div>\n\t\t\t\t<\/div>\n\t\t<div data-particle_enable=\"false\" data-particle-mobile-disabled=\"false\" class=\"elementor-element elementor-element-be2ef14 e-con-full e-flex e-con e-child\" data-id=\"be2ef14\" data-element_type=\"container\">\n\t\t\t\t<div class=\"elementor-element elementor-element-fb9cf8e elementor-widget elementor-widget-text-editor\" data-id=\"fb9cf8e\" data-element_type=\"widget\" data-widget_type=\"text-editor.default\">\n\t\t\t\t\t\t<div class=\"elementor-widget-container\">\n\t\t\t\t\t\t\t\t\t<p>Un an\u00e1lisis de 3 opciones para explicar la identidad de Jes\u00fas: un mentiroso, un lun\u00e1tico o Se\u00f1or.\u00a0<\/p><p>\u00a0<\/p>\t\t\t\t\t\t\t\t<\/div>\n\t\t\t\t<\/div>\n\t\t\t\t<div class=\"elementor-element elementor-element-df2415a elementor-align-center elementor-widget elementor-widget-button\" data-id=\"df2415a\" data-element_type=\"widget\" data-widget_type=\"button.default\">\n\t\t\t\t\t\t<div class=\"elementor-widget-container\">\n\t\t\t\t\t\t\t\t\t<div class=\"elementor-button-wrapper\">\n\t\t\t\t\t<a class=\"elementor-button elementor-button-link elementor-size-sm\" href=\"https:\/\/www.cru.org\/panama\/descubre\/jesus-dios-o-simplemente-buen-hombre-html\/\" target=\"_blank\">\n\t\t\t\t\t\t<span class=\"elementor-button-content-wrapper\">\n\t\t\t\t\t\t\t\t\t<span class=\"elementor-button-text\">LEER M\u00c1S<\/span>\n\t\t\t\t\t<\/span>\n\t\t\t\t\t<\/a>\n\t\t\t\t<\/div>\n\t\t\t\t\t\t\t\t<\/div>\n\t\t\t\t<\/div>\n\t\t\t\t<\/div>\n\t\t\t\t<\/div>\n\t\t\t\t<\/div>\n\t\t<div data-particle_enable=\"false\" data-particle-mobile-disabled=\"false\" class=\"elementor-element elementor-element-95d2c7d e-con-full e-flex e-con e-child\" data-id=\"95d2c7d\" data-element_type=\"container\" data-settings=\"{&quot;background_background&quot;:&quot;classic&quot;}\">\n\t\t<div data-particle_enable=\"false\" data-particle-mobile-disabled=\"false\" class=\"elementor-element elementor-element-0bf98a3 e-con-full e-flex e-con e-child\" data-id=\"0bf98a3\" data-element_type=\"container\">\n\t\t\t\t<div class=\"elementor-element elementor-element-4a06cba elementor-widget elementor-widget-image\" data-id=\"4a06cba\" data-element_type=\"widget\" data-widget_type=\"image.default\">\n\t\t\t\t\t\t<div class=\"elementor-widget-container\">\n\t\t\t\t\t\t\t\t\t\t\t\t\t\t\t<img decoding=\"async\" src=\"https:\/\/www.cru.org\/panama\/wp-content\/uploads\/sites\/960\/2025\/08\/4.jpg?w=432\" title=\"4\" alt=\"4\" loading=\"lazy\" \/>\t\t\t\t\t\t\t\t\t\t\t\t\t\t\t<\/div>\n\t\t\t\t<\/div>\n\t\t\t\t<\/div>\n\t\t<div data-particle_enable=\"false\" data-particle-mobile-disabled=\"false\" class=\"elementor-element elementor-element-9c4fe9b e-con-full e-flex e-con e-child\" data-id=\"9c4fe9b\" data-element_type=\"container\">\n\t\t\t\t<div class=\"elementor-element elementor-element-1a57f19 elementor-widget elementor-widget-heading\" data-id=\"1a57f19\" data-element_type=\"widget\" data-widget_type=\"heading.default\">\n\t\t\t\t\t\t<div class=\"elementor-widget-container\">\n\t\t\t\t\t<h3 class=\"elementor-heading-title elementor-size-default\">Para Empezar<\/h3>\t\t\t\t<\/div>\n\t\t\t\t<\/div>\n\t\t\t\t<\/div>\n\t\t<div data-particle_enable=\"false\" data-particle-mobile-disabled=\"false\" class=\"elementor-element elementor-element-12179f2 e-con-full e-flex e-con e-child\" data-id=\"12179f2\" data-element_type=\"container\">\n\t\t\t\t<div class=\"elementor-element elementor-element-666780d elementor-widget elementor-widget-text-editor\" data-id=\"666780d\" data-element_type=\"widget\" data-widget_type=\"text-editor.default\">\n\t\t\t\t\t\t<div class=\"elementor-widget-container\">\n\t\t\t\t\t\t\t\t\t<p>Esta gu\u00eda te muestra c\u00f3mo saber con certeza que Cristo est\u00e1 en tu vida, bas\u00e1ndote en las promesas de la Biblia. Encuentra \u00e1nimo para compartir tu fe, congregarte y vivir la vida abundante que Dios prepar\u00f3 para ti.<\/p>\t\t\t\t\t\t\t\t<\/div>\n\t\t\t\t<\/div>\n\t\t\t\t<div class=\"elementor-element elementor-element-d617765 elementor-align-center elementor-widget elementor-widget-button\" data-id=\"d617765\" data-element_type=\"widget\" data-widget_type=\"button.default\">\n\t\t\t\t\t\t<div class=\"elementor-widget-container\">\n\t\t\t\t\t\t\t\t\t<div class=\"elementor-button-wrapper\">\n\t\t\t\t\t<a class=\"elementor-button elementor-button-link elementor-size-sm\" href=\"https:\/\/www.cru.org\/panama\/descubre\/para-empezar\/\" target=\"_blank\">\n\t\t\t\t\t\t<span class=\"elementor-button-content-wrapper\">\n\t\t\t\t\t\t\t\t\t<span class=\"elementor-button-text\">LEER M\u00c1S<\/span>\n\t\t\t\t\t<\/span>\n\t\t\t\t\t<\/a>\n\t\t\t\t<\/div>\n\t\t\t\t\t\t\t\t<\/div>\n\t\t\t\t<\/div>\n\t\t\t\t<\/div>\n\t\t\t\t<\/div>\n\t\t\t\t<\/div>\n\t\t\t\t<\/div>\n\t\t\t\t\t<\/div>\n\t\t\t\t<\/div>\n\t\t\t\t<\/div>\n\t\t","protected":false},"excerpt":{"rendered":"<p>CONOCE Descubre Empieza a conocer el coraz\u00f3n de Dios y c\u00f3mo su amor puede cambiar tu historia. No necesitas tener todas las respuestas. Solo el primer paso. Todos Los Recursos \u00bfTe Gustar\u00eda Conocer a Dios Personalmente? \u00bfC\u00f3mo comenzar una relaci\u00f3n con Dios? Estos principios explican c\u00f3mo puedes, personalmente, empezar una relaci\u00f3n con Dios ya, a [&hellip;]<\/p>\n","protected":false},"author":203081,"featured_media":0,"parent":0,"menu_order":0,"comment_status":"closed","ping_status":"closed","template":"","meta":{"_acf_changed":false,"_seopress_robots_primary_cat":"","_seopress_titles_title":"","_seopress_titles_desc":"","_seopress_robots_index":"","footnotes":""},"class_list":["post-5593","page","type-page","status-publish","hentry"],"acf":[],"yoast_head":"<!-- This site is optimized with the Yoast SEO plugin v26.7 - https:\/\/yoast.com\/wordpress\/plugins\/seo\/ -->\n<title>Descubre - Cru Panam\u00e1<\/title>\n<meta name=\"robots\" content=\"index, follow, max-snippet:-1, max-image-preview:large, max-video-preview:-1\" \/>\n<link rel=\"canonical\" href=\"https:\/\/www.cru.org\/panama\/descubre\/\" \/>\n<meta property=\"og:locale\" content=\"en_US\" \/>\n<meta property=\"og:type\" content=\"article\" \/>\n<meta property=\"og:title\" content=\"Descubre - Cru Panam\u00e1\" \/>\n<meta property=\"og:description\" content=\"CONOCE Descubre Empieza a conocer el coraz\u00f3n de Dios y c\u00f3mo su amor puede cambiar tu historia. No necesitas tener todas las respuestas. Solo el primer paso. Todos Los Recursos \u00bfTe Gustar\u00eda Conocer a Dios Personalmente? \u00bfC\u00f3mo comenzar una relaci\u00f3n con Dios? Estos principios explican c\u00f3mo puedes, personalmente, empezar una relaci\u00f3n con Dios ya, a [&hellip;]\" \/>\n<meta property=\"og:url\" content=\"https:\/\/www.cru.org\/panama\/descubre\/\" \/>\n<meta property=\"og:site_name\" content=\"Cru Panam\u00e1\" \/>\n<meta property=\"article:modified_time\" content=\"2025-10-24T01:49:53+00:00\" \/>\n<meta property=\"og:image\" content=\"https:\/\/www.cru.org\/panama\/wp-content\/uploads\/sites\/960\/2025\/08\/3.jpg?w=432\" \/>\n<meta name=\"twitter:card\" content=\"summary_large_image\" \/>\n<meta name=\"twitter:label1\" content=\"Est. reading time\" \/>\n\t<meta name=\"twitter:data1\" content=\"2 minutes\" \/>\n<script type=\"application\/ld+json\" class=\"yoast-schema-graph\">{\"@context\":\"https:\/\/schema.org\",\"@graph\":[{\"@type\":\"WebPage\",\"@id\":\"https:\/\/www.cru.org\/panama\/descubre\/\",\"url\":\"https:\/\/www.cru.org\/panama\/descubre\/\",\"name\":\"Descubre - Cru Panam\u00e1\",\"isPartOf\":{\"@id\":\"https:\/\/www.cru.org\/panama\/#website\"},\"primaryImageOfPage\":{\"@id\":\"https:\/\/www.cru.org\/panama\/descubre\/#primaryimage\"},\"image\":{\"@id\":\"https:\/\/www.cru.org\/panama\/descubre\/#primaryimage\"},\"thumbnailUrl\":\"https:\/\/www.cru.org\/panama\/wp-content\/uploads\/sites\/960\/2025\/08\/3.jpg?w=432\",\"datePublished\":\"2025-08-07T22:18:07+00:00\",\"dateModified\":\"2025-10-24T01:49:53+00:00\",\"breadcrumb\":{\"@id\":\"https:\/\/www.cru.org\/panama\/descubre\/#breadcrumb\"},\"inLanguage\":\"en-US\",\"potentialAction\":[{\"@type\":\"ReadAction\",\"target\":[\"https:\/\/www.cru.org\/panama\/descubre\/\"]}]},{\"@type\":\"ImageObject\",\"inLanguage\":\"en-US\",\"@id\":\"https:\/\/www.cru.org\/panama\/descubre\/#primaryimage\",\"url\":\"https:\/\/www.cru.org\/panama\/wp-content\/uploads\/sites\/960\/2025\/08\/3.jpg\",\"contentUrl\":\"https:\/\/www.cru.org\/panama\/wp-content\/uploads\/sites\/960\/2025\/08\/3.jpg\",\"width\":432,\"height\":243},{\"@type\":\"BreadcrumbList\",\"@id\":\"https:\/\/www.cru.org\/panama\/descubre\/#breadcrumb\",\"itemListElement\":[{\"@type\":\"ListItem\",\"position\":1,\"name\":\"Home\",\"item\":\"https:\/\/www.cru.org\/panama\/\"},{\"@type\":\"ListItem\",\"position\":2,\"name\":\"Descubre\"}]},{\"@type\":\"WebSite\",\"@id\":\"https:\/\/www.cru.org\/panama\/#website\",\"url\":\"https:\/\/www.cru.org\/panama\/\",\"name\":\"Cru Panam\u00e1\",\"description\":\"\",\"publisher\":{\"@id\":\"https:\/\/www.cru.org\/panama\/#organization\"},\"potentialAction\":[{\"@type\":\"SearchAction\",\"target\":{\"@type\":\"EntryPoint\",\"urlTemplate\":\"https:\/\/www.cru.org\/panama\/?s={search_term_string}\"},\"query-input\":{\"@type\":\"PropertyValueSpecification\",\"valueRequired\":true,\"valueName\":\"search_term_string\"}}],\"inLanguage\":\"en-US\"},{\"@type\":\"Organization\",\"@id\":\"https:\/\/www.cru.org\/panama\/#organization\",\"name\":\"Cru Panam\u00e1\",\"url\":\"https:\/\/www.cru.org\/panama\/\",\"logo\":{\"@type\":\"ImageObject\",\"inLanguage\":\"en-US\",\"@id\":\"https:\/\/www.cru.org\/panama\/#\/schema\/logo\/image\/\",\"url\":\"https:\/\/www.cru.org\/panama\/wp-content\/uploads\/sites\/960\/2023\/08\/cru_logo.png\",\"contentUrl\":\"https:\/\/www.cru.org\/panama\/wp-content\/uploads\/sites\/960\/2023\/08\/cru_logo.png\",\"width\":360,\"height\":224,\"caption\":\"Cru Panam\u00e1\"},\"image\":{\"@id\":\"https:\/\/www.cru.org\/panama\/#\/schema\/logo\/image\/\"}}]}<\/script>\n<!-- \/ Yoast SEO plugin. -->","yoast_head_json":{"title":"Descubre - Cru Panam\u00e1","robots":{"index":"index","follow":"follow","max-snippet":"max-snippet:-1","max-image-preview":"max-image-preview:large","max-video-preview":"max-video-preview:-1"},"canonical":"https:\/\/www.cru.org\/panama\/descubre\/","og_locale":"en_US","og_type":"article","og_title":"Descubre - Cru Panam\u00e1","og_description":"CONOCE Descubre Empieza a conocer el coraz\u00f3n de Dios y c\u00f3mo su amor puede cambiar tu historia. No necesitas tener todas las respuestas. Solo el primer paso. Todos Los Recursos \u00bfTe Gustar\u00eda Conocer a Dios Personalmente? \u00bfC\u00f3mo comenzar una relaci\u00f3n con Dios? Estos principios explican c\u00f3mo puedes, personalmente, empezar una relaci\u00f3n con Dios ya, a [&hellip;]","og_url":"https:\/\/www.cru.org\/panama\/descubre\/","og_site_name":"Cru Panam\u00e1","article_modified_time":"2025-10-24T01:49:53+00:00","og_image":[{"url":"https:\/\/www.cru.org\/panama\/wp-content\/uploads\/sites\/960\/2025\/08\/3.jpg?w=432","type":"","width":"","height":""}],"twitter_card":"summary_large_image","twitter_misc":{"Est. reading time":"2 minutes"},"schema":{"@context":"https:\/\/schema.org","@graph":[{"@type":"WebPage","@id":"https:\/\/www.cru.org\/panama\/descubre\/","url":"https:\/\/www.cru.org\/panama\/descubre\/","name":"Descubre - Cru Panam\u00e1","isPartOf":{"@id":"https:\/\/www.cru.org\/panama\/#website"},"primaryImageOfPage":{"@id":"https:\/\/www.cru.org\/panama\/descubre\/#primaryimage"},"image":{"@id":"https:\/\/www.cru.org\/panama\/descubre\/#primaryimage"},"thumbnailUrl":"https:\/\/www.cru.org\/panama\/wp-content\/uploads\/sites\/960\/2025\/08\/3.jpg?w=432","datePublished":"2025-08-07T22:18:07+00:00","dateModified":"2025-10-24T01:49:53+00:00","breadcrumb":{"@id":"https:\/\/www.cru.org\/panama\/descubre\/#breadcrumb"},"inLanguage":"en-US","potentialAction":[{"@type":"ReadAction","target":["https:\/\/www.cru.org\/panama\/descubre\/"]}]},{"@type":"ImageObject","inLanguage":"en-US","@id":"https:\/\/www.cru.org\/panama\/descubre\/#primaryimage","url":"https:\/\/www.cru.org\/panama\/wp-content\/uploads\/sites\/960\/2025\/08\/3.jpg","contentUrl":"https:\/\/www.cru.org\/panama\/wp-content\/uploads\/sites\/960\/2025\/08\/3.jpg","width":432,"height":243},{"@type":"BreadcrumbList","@id":"https:\/\/www.cru.org\/panama\/descubre\/#breadcrumb","itemListElement":[{"@type":"ListItem","position":1,"name":"Home","item":"https:\/\/www.cru.org\/panama\/"},{"@type":"ListItem","position":2,"name":"Descubre"}]},{"@type":"WebSite","@id":"https:\/\/www.cru.org\/panama\/#website","url":"https:\/\/www.cru.org\/panama\/","name":"Cru Panam\u00e1","description":"","publisher":{"@id":"https:\/\/www.cru.org\/panama\/#organization"},"potentialAction":[{"@type":"SearchAction","target":{"@type":"EntryPoint","urlTemplate":"https:\/\/www.cru.org\/panama\/?s={search_term_string}"},"query-input":{"@type":"PropertyValueSpecification","valueRequired":true,"valueName":"search_term_string"}}],"inLanguage":"en-US"},{"@type":"Organization","@id":"https:\/\/www.cru.org\/panama\/#organization","name":"Cru Panam\u00e1","url":"https:\/\/www.cru.org\/panama\/","logo":{"@type":"ImageObject","inLanguage":"en-US","@id":"https:\/\/www.cru.org\/panama\/#\/schema\/logo\/image\/","url":"https:\/\/www.cru.org\/panama\/wp-content\/uploads\/sites\/960\/2023\/08\/cru_logo.png","contentUrl":"https:\/\/www.cru.org\/panama\/wp-content\/uploads\/sites\/960\/2023\/08\/cru_logo.png","width":360,"height":224,"caption":"Cru Panam\u00e1"},"image":{"@id":"https:\/\/www.cru.org\/panama\/#\/schema\/logo\/image\/"}}]}},"jetpack_sharing_enabled":true,"meta_box":{"_cloudsearch_visibility":"0"},"_links":{"self":[{"href":"https:\/\/www.cru.org\/panama\/wp-json\/wp\/v2\/pages\/5593","targetHints":{"allow":["GET"]}}],"collection":[{"href":"https:\/\/www.cru.org\/panama\/wp-json\/wp\/v2\/pages"}],"about":[{"href":"https:\/\/www.cru.org\/panama\/wp-json\/wp\/v2\/types\/page"}],"author":[{"embeddable":true,"href":"https:\/\/www.cru.org\/panama\/wp-json\/wp\/v2\/users\/203081"}],"replies":[{"embeddable":true,"href":"https:\/\/www.cru.org\/panama\/wp-json\/wp\/v2\/comments?post=5593"}],"version-history":[{"count":31,"href":"https:\/\/www.cru.org\/panama\/wp-json\/wp\/v2\/pages\/5593\/revisions"}],"predecessor-version":[{"id":5702,"href":"https:\/\/www.cru.org\/panama\/wp-json\/wp\/v2\/pages\/5593\/revisions\/5702"}],"wp:attachment":[{"href":"https:\/\/www.cru.org\/panama\/wp-json\/wp\/v2\/media?parent=5593"}],"curies":[{"name":"wp","href":"https:\/\/api.w.org\/{rel}","templated":true}]}}