{"id":5304,"date":"2025-08-04T01:31:33","date_gmt":"2025-08-04T01:31:33","guid":{"rendered":"https:\/\/www.cru.org\/panama\/?page_id=5304"},"modified":"2025-10-24T01:46:35","modified_gmt":"2025-10-24T01:46:35","slug":"para-empezar","status":"publish","type":"page","link":"https:\/\/www.cru.org\/panama\/descubre\/para-empezar\/","title":{"rendered":"Para empezar"},"content":{"rendered":"\t\t<div data-elementor-type=\"wp-page\" data-elementor-id=\"5304\" class=\"elementor elementor-5304\" data-elementor-post-type=\"page\">\n\t\t\t\t<div data-particle_enable=\"false\" data-particle-mobile-disabled=\"false\" class=\"elementor-element elementor-element-ec3d6f0 e-flex e-con-boxed e-con e-parent\" data-id=\"ec3d6f0\" data-element_type=\"container\">\n\t\t\t\t\t<div class=\"e-con-inner\">\n\t\t\t\t<div class=\"elementor-element elementor-element-cf403b0 elementor-widget elementor-widget-heading\" data-id=\"cf403b0\" data-element_type=\"widget\" data-widget_type=\"heading.default\">\n\t\t\t\t\t\t<div class=\"elementor-widget-container\">\n\t\t\t\t\t<h6 class=\"elementor-heading-title elementor-size-default\">CONOCE A DIOS PERSONALMENTE<\/h6>\t\t\t\t<\/div>\n\t\t\t\t<\/div>\n\t\t\t\t<div class=\"elementor-element elementor-element-5bba4e8 elementor-widget__width-initial elementor-widget elementor-widget-heading\" data-id=\"5bba4e8\" data-element_type=\"widget\" data-widget_type=\"heading.default\">\n\t\t\t\t\t\t<div class=\"elementor-widget-container\">\n\t\t\t\t\t<h1 class=\"elementor-heading-title elementor-size-default\">Para empezar<\/h1>\t\t\t\t<\/div>\n\t\t\t\t<\/div>\n\t\t<div data-particle_enable=\"false\" data-particle-mobile-disabled=\"false\" class=\"elementor-element elementor-element-b604ab4 e-con-full e-flex e-con e-child\" data-id=\"b604ab4\" data-element_type=\"container\">\n\t\t\t\t<\/div>\n\t\t\t\t<div class=\"elementor-element elementor-element-68ef374 elementor-widget elementor-widget-heading\" data-id=\"68ef374\" data-element_type=\"widget\" data-widget_type=\"heading.default\">\n\t\t\t\t\t\t<div class=\"elementor-widget-container\">\n\t\t\t\t\t<h2 class=\"elementor-heading-title elementor-size-default\">C\u00f3mo saber que Cristo est\u00e1 en tu vida<\/h2>\t\t\t\t<\/div>\n\t\t\t\t<\/div>\n\t\t\t\t<div class=\"elementor-element elementor-element-6b7ecbe elementor-widget__width-initial elementor-widget elementor-widget-text-editor\" data-id=\"6b7ecbe\" data-element_type=\"widget\" data-widget_type=\"text-editor.default\">\n\t\t\t\t\t\t<div class=\"elementor-widget-container\">\n\t\t\t\t\t\t\t\t\t<p>\u00bfRecibir a Cristo en tu vida? \u00bfSeg\u00fan su promesa en\u00a0<a href=\"http:\/\/www.biblegateway.com\/passage\/?search=revelation+3:20\" target=\"_blank\" rel=\"noopener\">Apocalipsis 3:20<\/a>, es donde Cristo ahora mismo en relaci\u00f3n a usted? Cristo dijo que \u00e9l llegar\u00eda a su vida. \u00bfTe enga\u00f1ar\u00eda? \u00bfEn que autoridad Sabe usted que Dios le ha contestado su oraci\u00f3n? (La confianza de Dios y su palabra).<\/p>\t\t\t\t\t\t\t\t<\/div>\n\t\t\t\t<\/div>\n\t\t\t\t<div class=\"elementor-element elementor-element-856303a elementor-widget__width-initial elementor-widget elementor-widget-text-editor\" data-id=\"856303a\" data-element_type=\"widget\" data-widget_type=\"text-editor.default\">\n\t\t\t\t\t\t<div class=\"elementor-widget-container\">\n\t\t\t\t\t\t\t\t\t<p>Como Dios ha perdonado tus pecados y te dado la vida eterna, es natural que gustar\u00eda compartir esto con alguien.<\/p><p>La palabra de Dios nos dice que &#8220;quien (Jes\u00fas) Me confiesa delante de los hombres, \u00e9l tambi\u00e9n confesar\u00e9 delante de mi padre que est\u00e1 en los cielos&#8221; (Mateo 10:32).<\/p>\t\t\t\t\t\t\t\t<\/div>\n\t\t\t\t<\/div>\n\t\t\t\t<div class=\"elementor-element elementor-element-51b0de6 elementor-widget elementor-widget-heading\" data-id=\"51b0de6\" data-element_type=\"widget\" data-widget_type=\"heading.default\">\n\t\t\t\t\t\t<div class=\"elementor-widget-container\">\n\t\t\t\t\t<h2 class=\"elementor-heading-title elementor-size-default\">La Biblia promete vida eterna<\/h2>\t\t\t\t<\/div>\n\t\t\t\t<\/div>\n\t\t\t\t<div class=\"elementor-element elementor-element-b6846fb elementor-widget__width-initial elementor-widget elementor-widget-text-editor\" data-id=\"b6846fb\" data-element_type=\"widget\" data-widget_type=\"text-editor.default\">\n\t\t\t\t\t\t<div class=\"elementor-widget-container\">\n\t\t\t\t\t\t\t\t\t<p><i>&#8220;El testimonio es que Dios nos ha dado vida eterna y esta vida est\u00e1 en su hijo. El que tiene al hijo tiene la vida; que no tiene el hijo de Dios no tiene vida. Estas cosas he escrito a vosotros que cre\u00e9is en el nombre del hijo de Dios, a fin de que usted puede\u00a0<b>saber<\/b>\u00a0que tiene vida eterna&#8221;<\/i>\u00a0(1 Juan 5:11-13).<\/p><p>Gracias a Dios a menudo que Cristo est\u00e1 en tu vida y que \u00e9l no te nunca dejar\u00e1 (<a href=\"http:\/\/www.biblegateway.com\/passage\/?search=hebrews+13:5\" target=\"_blank\" rel=\"noopener\">Hebreos 13:5<\/a>). Se puede saber sobre la base de su promesa de que Cristo vive en ti y que tienes vida eterna desde el momento en que invitarlo. No te enga\u00f1ar\u00e1.<\/p><p><i>Un recordatorio importante&#8230;<\/i><\/p>\t\t\t\t\t\t\t\t<\/div>\n\t\t\t\t<\/div>\n\t\t\t\t<div class=\"elementor-element elementor-element-3daeb50 elementor-widget elementor-widget-heading\" data-id=\"3daeb50\" data-element_type=\"widget\" data-widget_type=\"heading.default\">\n\t\t\t\t\t\t<div class=\"elementor-widget-container\">\n\t\t\t\t\t<h2 class=\"elementor-heading-title elementor-size-default\">No dependen de sentimientos<\/h2>\t\t\t\t<\/div>\n\t\t\t\t<\/div>\n\t\t\t\t<div class=\"elementor-element elementor-element-309f586 elementor-widget__width-initial elementor-widget elementor-widget-text-editor\" data-id=\"309f586\" data-element_type=\"widget\" data-widget_type=\"text-editor.default\">\n\t\t\t\t\t\t<div class=\"elementor-widget-container\">\n\t\t\t\t\t\t\t\t\t<p>La promesa de la palabra de Dios, la Biblia &#8211; no nuestros sentimientos &#8211; es nuestra autoridad. El cristiano vive por fe (confianza) en la confianza de Dios y su palabra. Este diagrama del tren ilustra la relaci\u00f3n entre el\u00a0<b>hecho<\/b>\u00a0(Dios y su palabra),\u00a0<b>fe<\/b>\u00a0(nuestra confianza en Dios y su palabra) y la\u00a0<b>sensaci\u00f3n<\/b>\u00a0(el resultado de nuestra fe y obediencia) (<a href=\"http:\/\/www.biblegateway.com\/passage\/?search=john+14:21\" target=\"_blank\" rel=\"noopener\">John 14:21<\/a>).<\/p><p><img decoding=\"async\" src=\"https:\/\/www.cru.org\/content\/dam\/global\/crumexico\/crecer-y-equipar\/10-basic-steps-step-34.jpg\" \/><\/p><p>El tren corre con o sin el vag\u00f3n. Sin embargo, ser\u00eda in\u00fatil tratar de que el vag\u00f3n mueva el tren. De la misma manera, como cristianos hacemos no depende de sentimientos o emociones, pero ponemos nuestra fe (confianza) en la confianza de Dios y las promesas de su palabra.<\/p>\t\t\t\t\t\t\t\t<\/div>\n\t\t\t\t<\/div>\n\t\t\t\t<div class=\"elementor-element elementor-element-510b25e elementor-widget-divider--view-line elementor-widget elementor-widget-divider\" data-id=\"510b25e\" data-element_type=\"widget\" data-widget_type=\"divider.default\">\n\t\t\t\t\t\t<div class=\"elementor-widget-container\">\n\t\t\t\t\t\t\t<div class=\"elementor-divider\">\n\t\t\t<span class=\"elementor-divider-separator\">\n\t\t\t\t\t\t<\/span>\n\t\t<\/div>\n\t\t\t\t\t\t<\/div>\n\t\t\t\t<\/div>\n\t\t\t\t<div class=\"elementor-element elementor-element-9e1916c elementor-widget elementor-widget-heading\" data-id=\"9e1916c\" data-element_type=\"widget\" data-widget_type=\"heading.default\">\n\t\t\t\t\t\t<div class=\"elementor-widget-container\">\n\t\t\t\t\t<h2 class=\"elementor-heading-title elementor-size-default\">Ahora que usted ha recibido a Cristo<\/h2>\t\t\t\t<\/div>\n\t\t\t\t<\/div>\n\t\t\t\t<div class=\"elementor-element elementor-element-b717b2b elementor-widget__width-initial elementor-widget elementor-widget-text-editor\" data-id=\"b717b2b\" data-element_type=\"widget\" data-widget_type=\"text-editor.default\">\n\t\t\t\t\t\t<div class=\"elementor-widget-container\">\n\t\t\t\t\t\t\t\t\t<p>El momento hab\u00eda recibido a Cristo por la fe, como un acto de la voluntad, pasado muchas cosas, incluyendo lo siguiente:<\/p><ol><li>Cristo entr\u00f3 en tu vida (<a href=\"http:\/\/www.biblegateway.com\/passage\/?search=revelation+3:20\" target=\"_blank\" rel=\"noopener\">Apocalipsis 3:20<\/a>;\u00a0<a href=\"http:\/\/www.biblegateway.com\/passage\/?search=colossians+1:27\">Colosenses 1:27<\/a>).<\/li><li>Sus pecados fueron perdonados (<a href=\"http:\/\/www.biblegateway.com\/passage\/?search=colossians+1:14\" target=\"_blank\" rel=\"noopener\">Colosenses 1:14<\/a>).<\/li><li>Se convirti\u00f3 en un hijo de Dios (<a href=\"http:\/\/www.biblegateway.com\/passage\/?search=john+1:12\" target=\"_blank\" rel=\"noopener\">John 1:12)<\/a>.<\/li><li>Que recibi\u00f3 la vida eterna (<a href=\"http:\/\/www.biblegateway.com\/passage\/?search=john+5:24\" target=\"_blank\" rel=\"noopener\">John 5:24<\/a>).<\/li><li>Comenz\u00f3 la gran aventura para la cual Dios te cre\u00f3 (<a href=\"http:\/\/www.biblegateway.com\/passage\/?search=john+10:10\" target=\"_blank\" rel=\"noopener\">John 10:10<\/a>;\u00a0<a href=\"http:\/\/www.biblegateway.com\/passage\/?search=2+corinthians+5:17\" target=\"_blank\" rel=\"noopener\">2 Corintios 5:17<\/a>;\u00a0<a href=\"http:\/\/www.biblegateway.com\/passage\/?search=1+thessalonians+5:18\" target=\"_blank\" rel=\"noopener\">1 Tesalonicenses 5:18<\/a>).<\/li><\/ol><p>\u00bfPuedes pensar en nada m\u00e1s maravilloso que te puede pasar que el recibir a Cristo? \u00bfTe gusta dar gracias a Dios en oraci\u00f3n ahora mismo por lo que ha hecho por ti? Agradeciendo a Dios, usted demostrar su fe.<\/p><p><i>Para disfrutar de su nueva vida al m\u00e1ximo&#8230;<\/i><\/p>\t\t\t\t\t\t\t\t<\/div>\n\t\t\t\t<\/div>\n\t\t\t\t<div class=\"elementor-element elementor-element-41aac56 elementor-widget-divider--view-line elementor-widget elementor-widget-divider\" data-id=\"41aac56\" data-element_type=\"widget\" data-widget_type=\"divider.default\">\n\t\t\t\t\t\t<div class=\"elementor-widget-container\">\n\t\t\t\t\t\t\t<div class=\"elementor-divider\">\n\t\t\t<span class=\"elementor-divider-separator\">\n\t\t\t\t\t\t<\/span>\n\t\t<\/div>\n\t\t\t\t\t\t<\/div>\n\t\t\t\t<\/div>\n\t\t\t\t<div class=\"elementor-element elementor-element-573d749 elementor-widget elementor-widget-heading\" data-id=\"573d749\" data-element_type=\"widget\" data-widget_type=\"heading.default\">\n\t\t\t\t\t\t<div class=\"elementor-widget-container\">\n\t\t\t\t\t<h2 class=\"elementor-heading-title elementor-size-default\">Sugerencias para el crecimiento cristiano<\/h2>\t\t\t\t<\/div>\n\t\t\t\t<\/div>\n\t\t\t\t<div class=\"elementor-element elementor-element-7ed28b8 elementor-widget__width-initial elementor-widget elementor-widget-text-editor\" data-id=\"7ed28b8\" data-element_type=\"widget\" data-widget_type=\"text-editor.default\">\n\t\t\t\t\t\t<div class=\"elementor-widget-container\">\n\t\t\t\t\t\t\t\t\t<p>Crecimiento espiritual resultado de confiar en Jesucristo. &#8220;El justo vivir\u00e1 por la fe&#8221; (G\u00e1latas 3:11). Una vida de fe le permitir\u00e1 confiar en Dios cada vez m\u00e1s con cada detalle de tu vida y para practicar lo siguiente:<\/p><ul><li>Vaya a Dios en oraci\u00f3n diariamente (<a href=\"http:\/\/www.biblegateway.com\/passage\/?search=john+15:7\" target=\"_blank\" rel=\"noopener\">John 15:7<\/a>).<\/li><li>Leer palabra de Dios diariamente (<a href=\"http:\/\/www.biblegateway.com\/passage\/?search=acts+17:11\" target=\"_blank\" rel=\"noopener\">hechos 17:11<\/a>); comenzar con el Evangelio de Juan.<\/li><li>Obedecer a Dios momento a momento (<a href=\"http:\/\/www.biblegateway.com\/passage\/?search=john+14:21\" target=\"_blank\" rel=\"noopener\">John 14:21<\/a>).<\/li><li>Testigo de Cristo por su vida y palabras (<a href=\"http:\/\/www.biblegateway.com\/passage\/?search=matthew+4:19\" target=\"_blank\" rel=\"noopener\">Mateo 4:19<\/a>;\u00a0<a href=\"http:\/\/www.biblegateway.com\/passage\/?search=john+15:8\" target=\"_blank\" rel=\"noopener\">John 15:8<\/a>).<\/li><li>Confiar en Dios para cada detalle de tu vida (<a href=\"http:\/\/www.biblegateway.com\/passage\/?search=1+peter+5:7\" target=\"_blank\" rel=\"noopener\">1 Pedro 5:7<\/a>).<\/li><li>Esp\u00edritu Santo &#8211; le permite controlar y potenciar su vida cotidiana y el testimonio (<a href=\"http:\/\/www.biblegateway.com\/passage\/?search=galatians+5:16-17\" target=\"_blank\" rel=\"noopener\">G\u00e1latas 5:16, 17<\/a>;\u00a0<a href=\"http:\/\/www.biblegateway.com\/passage\/?search=acts+1:8\" target=\"_blank\" rel=\"noopener\">Hechos 1:8<\/a>).<\/li><\/ul>\t\t\t\t\t\t\t\t<\/div>\n\t\t\t\t<\/div>\n\t\t\t\t<div class=\"elementor-element elementor-element-d11c98c elementor-widget-divider--view-line elementor-widget elementor-widget-divider\" data-id=\"d11c98c\" data-element_type=\"widget\" data-widget_type=\"divider.default\">\n\t\t\t\t\t\t<div class=\"elementor-widget-container\">\n\t\t\t\t\t\t\t<div class=\"elementor-divider\">\n\t\t\t<span class=\"elementor-divider-separator\">\n\t\t\t\t\t\t<\/span>\n\t\t<\/div>\n\t\t\t\t\t\t<\/div>\n\t\t\t\t<\/div>\n\t\t\t\t<div class=\"elementor-element elementor-element-d9d1da7 elementor-widget elementor-widget-heading\" data-id=\"d9d1da7\" data-element_type=\"widget\" data-widget_type=\"heading.default\">\n\t\t\t\t\t\t<div class=\"elementor-widget-container\">\n\t\t\t\t\t<h2 class=\"elementor-heading-title elementor-size-default\">Busca en una buena iglesia<\/h2>\t\t\t\t<\/div>\n\t\t\t\t<\/div>\n\t\t\t\t<div class=\"elementor-element elementor-element-a1a0d38 elementor-widget__width-initial elementor-widget elementor-widget-text-editor\" data-id=\"a1a0d38\" data-element_type=\"widget\" data-widget_type=\"text-editor.default\">\n\t\t\t\t\t\t<div class=\"elementor-widget-container\">\n\t\t\t\t\t\t\t\t\t<p>La palabra de Dios nos instruye no a congregarnos &#8220;la de nosotros mismos&#8221; (Hebreos 10:25). Varios troncos queman vivos juntos; pero aparte de un puesto en el coraz\u00f3n fr\u00edo y el fuego se apaga. As\u00ed es con su relaci\u00f3n con otros cristianos.<\/p><p>Si no perteneces a una iglesia, no esperes a ser invitado. Tomar la iniciativa; Llame al pastor de una iglesia cercana donde se exalte a Cristo y se predique su palabra. Iniciar esta semana y hacer planes para asistir regularmente.<\/p>\t\t\t\t\t\t\t\t<\/div>\n\t\t\t\t<\/div>\n\t\t\t\t<div class=\"elementor-element elementor-element-70327c7 elementor-widget-divider--view-line elementor-widget elementor-widget-divider\" data-id=\"70327c7\" data-element_type=\"widget\" data-widget_type=\"divider.default\">\n\t\t\t\t\t\t<div class=\"elementor-widget-container\">\n\t\t\t\t\t\t\t<div class=\"elementor-divider\">\n\t\t\t<span class=\"elementor-divider-separator\">\n\t\t\t\t\t\t<\/span>\n\t\t<\/div>\n\t\t\t\t\t\t<\/div>\n\t\t\t\t<\/div>\n\t\t\t\t<div class=\"elementor-element elementor-element-0633b83 elementor-widget elementor-widget-heading\" data-id=\"0633b83\" data-element_type=\"widget\" data-widget_type=\"heading.default\">\n\t\t\t\t\t\t<div class=\"elementor-widget-container\">\n\t\t\t\t\t<h2 class=\"elementor-heading-title elementor-size-default\">Dile a alguien<\/h2>\t\t\t\t<\/div>\n\t\t\t\t<\/div>\n\t\t\t\t<div class=\"elementor-element elementor-element-c919f66 elementor-widget__width-initial elementor-widget elementor-widget-text-editor\" data-id=\"c919f66\" data-element_type=\"widget\" data-widget_type=\"text-editor.default\">\n\t\t\t\t\t\t<div class=\"elementor-widget-container\">\n\t\t\t\t\t\t\t\t\t<p>Como Dios ha perdonado tus pecados y te dado la vida eterna, es natural que gustar\u00eda compartir esto con alguien.<\/p><p>La palabra de Dios nos dice que &#8220;quien (Jes\u00fas) Me confiesa delante de los hombres, \u00e9l tambi\u00e9n confesar\u00e9 delante de mi padre que est\u00e1 en los cielos&#8221; (Mateo 10:32).<\/p>\t\t\t\t\t\t\t\t<\/div>\n\t\t\t\t<\/div>\n\t\t\t\t<div class=\"elementor-element elementor-element-b9391bd elementor-widget-divider--view-line elementor-widget elementor-widget-divider\" data-id=\"b9391bd\" data-element_type=\"widget\" data-widget_type=\"divider.default\">\n\t\t\t\t\t\t<div class=\"elementor-widget-container\">\n\t\t\t\t\t\t\t<div class=\"elementor-divider\">\n\t\t\t<span class=\"elementor-divider-separator\">\n\t\t\t\t\t\t<\/span>\n\t\t<\/div>\n\t\t\t\t\t\t<\/div>\n\t\t\t\t<\/div>\n\t\t\t\t\t<\/div>\n\t\t\t\t<\/div>\n\t\t\t\t<\/div>\n\t\t","protected":false},"excerpt":{"rendered":"<p>CONOCE A DIOS PERSONALMENTE Para empezar C\u00f3mo saber que Cristo est\u00e1 en tu vida \u00bfRecibir a Cristo en tu vida? \u00bfSeg\u00fan su promesa en\u00a0Apocalipsis 3:20, es donde Cristo ahora mismo en relaci\u00f3n a usted? Cristo dijo que \u00e9l llegar\u00eda a su vida. \u00bfTe enga\u00f1ar\u00eda? \u00bfEn que autoridad Sabe usted que Dios le ha contestado su [&hellip;]<\/p>\n","protected":false},"author":203081,"featured_media":0,"parent":5593,"menu_order":0,"comment_status":"closed","ping_status":"closed","template":"","meta":{"_acf_changed":false,"_seopress_robots_primary_cat":"","_seopress_titles_title":"","_seopress_titles_desc":"","_seopress_robots_index":"","footnotes":""},"class_list":["post-5304","page","type-page","status-publish","hentry"],"acf":[],"yoast_head":"<!-- This site is optimized with the Yoast SEO plugin v26.7 - https:\/\/yoast.com\/wordpress\/plugins\/seo\/ -->\n<title>Para empezar - Cru Panam\u00e1<\/title>\n<meta name=\"robots\" content=\"index, follow, max-snippet:-1, max-image-preview:large, max-video-preview:-1\" \/>\n<link rel=\"canonical\" href=\"https:\/\/www.cru.org\/panama\/descubre\/para-empezar\/\" \/>\n<meta property=\"og:locale\" content=\"en_US\" \/>\n<meta property=\"og:type\" content=\"article\" \/>\n<meta property=\"og:title\" content=\"Para empezar - Cru Panam\u00e1\" \/>\n<meta property=\"og:description\" content=\"CONOCE A DIOS PERSONALMENTE Para empezar C\u00f3mo saber que Cristo est\u00e1 en tu vida \u00bfRecibir a Cristo en tu vida? \u00bfSeg\u00fan su promesa en\u00a0Apocalipsis 3:20, es donde Cristo ahora mismo en relaci\u00f3n a usted? Cristo dijo que \u00e9l llegar\u00eda a su vida. \u00bfTe enga\u00f1ar\u00eda? \u00bfEn que autoridad Sabe usted que Dios le ha contestado su [&hellip;]\" \/>\n<meta property=\"og:url\" content=\"https:\/\/www.cru.org\/panama\/descubre\/para-empezar\/\" \/>\n<meta property=\"og:site_name\" content=\"Cru Panam\u00e1\" \/>\n<meta property=\"article:modified_time\" content=\"2025-10-24T01:46:35+00:00\" \/>\n<meta property=\"og:image\" content=\"https:\/\/www.cru.org\/content\/dam\/global\/crumexico\/crecer-y-equipar\/10-basic-steps-step-34.jpg\" \/>\n<meta name=\"twitter:card\" content=\"summary_large_image\" \/>\n<meta name=\"twitter:label1\" content=\"Est. reading time\" \/>\n\t<meta name=\"twitter:data1\" content=\"4 minutes\" \/>\n<script type=\"application\/ld+json\" class=\"yoast-schema-graph\">{\"@context\":\"https:\/\/schema.org\",\"@graph\":[{\"@type\":\"WebPage\",\"@id\":\"https:\/\/www.cru.org\/panama\/descubre\/para-empezar\/\",\"url\":\"https:\/\/www.cru.org\/panama\/descubre\/para-empezar\/\",\"name\":\"Para empezar - Cru Panam\u00e1\",\"isPartOf\":{\"@id\":\"https:\/\/www.cru.org\/panama\/#website\"},\"primaryImageOfPage\":{\"@id\":\"https:\/\/www.cru.org\/panama\/descubre\/para-empezar\/#primaryimage\"},\"image\":{\"@id\":\"https:\/\/www.cru.org\/panama\/descubre\/para-empezar\/#primaryimage\"},\"thumbnailUrl\":\"https:\/\/www.cru.org\/content\/dam\/global\/crumexico\/crecer-y-equipar\/10-basic-steps-step-34.jpg\",\"datePublished\":\"2025-08-04T01:31:33+00:00\",\"dateModified\":\"2025-10-24T01:46:35+00:00\",\"breadcrumb\":{\"@id\":\"https:\/\/www.cru.org\/panama\/descubre\/para-empezar\/#breadcrumb\"},\"inLanguage\":\"en-US\",\"potentialAction\":[{\"@type\":\"ReadAction\",\"target\":[\"https:\/\/www.cru.org\/panama\/descubre\/para-empezar\/\"]}]},{\"@type\":\"ImageObject\",\"inLanguage\":\"en-US\",\"@id\":\"https:\/\/www.cru.org\/panama\/descubre\/para-empezar\/#primaryimage\",\"url\":\"https:\/\/www.cru.org\/content\/dam\/global\/crumexico\/crecer-y-equipar\/10-basic-steps-step-34.jpg\",\"contentUrl\":\"https:\/\/www.cru.org\/content\/dam\/global\/crumexico\/crecer-y-equipar\/10-basic-steps-step-34.jpg\"},{\"@type\":\"BreadcrumbList\",\"@id\":\"https:\/\/www.cru.org\/panama\/descubre\/para-empezar\/#breadcrumb\",\"itemListElement\":[{\"@type\":\"ListItem\",\"position\":1,\"name\":\"Home\",\"item\":\"https:\/\/www.cru.org\/panama\/\"},{\"@type\":\"ListItem\",\"position\":2,\"name\":\"Descubre\",\"item\":\"https:\/\/www.cru.org\/panama\/descubre\/\"},{\"@type\":\"ListItem\",\"position\":3,\"name\":\"Para empezar\"}]},{\"@type\":\"WebSite\",\"@id\":\"https:\/\/www.cru.org\/panama\/#website\",\"url\":\"https:\/\/www.cru.org\/panama\/\",\"name\":\"Cru Panam\u00e1\",\"description\":\"\",\"publisher\":{\"@id\":\"https:\/\/www.cru.org\/panama\/#organization\"},\"potentialAction\":[{\"@type\":\"SearchAction\",\"target\":{\"@type\":\"EntryPoint\",\"urlTemplate\":\"https:\/\/www.cru.org\/panama\/?s={search_term_string}\"},\"query-input\":{\"@type\":\"PropertyValueSpecification\",\"valueRequired\":true,\"valueName\":\"search_term_string\"}}],\"inLanguage\":\"en-US\"},{\"@type\":\"Organization\",\"@id\":\"https:\/\/www.cru.org\/panama\/#organization\",\"name\":\"Cru Panam\u00e1\",\"url\":\"https:\/\/www.cru.org\/panama\/\",\"logo\":{\"@type\":\"ImageObject\",\"inLanguage\":\"en-US\",\"@id\":\"https:\/\/www.cru.org\/panama\/#\/schema\/logo\/image\/\",\"url\":\"https:\/\/www.cru.org\/panama\/wp-content\/uploads\/sites\/960\/2023\/08\/cru_logo.png\",\"contentUrl\":\"https:\/\/www.cru.org\/panama\/wp-content\/uploads\/sites\/960\/2023\/08\/cru_logo.png\",\"width\":360,\"height\":224,\"caption\":\"Cru Panam\u00e1\"},\"image\":{\"@id\":\"https:\/\/www.cru.org\/panama\/#\/schema\/logo\/image\/\"}}]}<\/script>\n<!-- \/ Yoast SEO plugin. -->","yoast_head_json":{"title":"Para empezar - Cru Panam\u00e1","robots":{"index":"index","follow":"follow","max-snippet":"max-snippet:-1","max-image-preview":"max-image-preview:large","max-video-preview":"max-video-preview:-1"},"canonical":"https:\/\/www.cru.org\/panama\/descubre\/para-empezar\/","og_locale":"en_US","og_type":"article","og_title":"Para empezar - Cru Panam\u00e1","og_description":"CONOCE A DIOS PERSONALMENTE Para empezar C\u00f3mo saber que Cristo est\u00e1 en tu vida \u00bfRecibir a Cristo en tu vida? \u00bfSeg\u00fan su promesa en\u00a0Apocalipsis 3:20, es donde Cristo ahora mismo en relaci\u00f3n a usted? Cristo dijo que \u00e9l llegar\u00eda a su vida. \u00bfTe enga\u00f1ar\u00eda? \u00bfEn que autoridad Sabe usted que Dios le ha contestado su [&hellip;]","og_url":"https:\/\/www.cru.org\/panama\/descubre\/para-empezar\/","og_site_name":"Cru Panam\u00e1","article_modified_time":"2025-10-24T01:46:35+00:00","og_image":[{"url":"https:\/\/www.cru.org\/content\/dam\/global\/crumexico\/crecer-y-equipar\/10-basic-steps-step-34.jpg","type":"","width":"","height":""}],"twitter_card":"summary_large_image","twitter_misc":{"Est. reading time":"4 minutes"},"schema":{"@context":"https:\/\/schema.org","@graph":[{"@type":"WebPage","@id":"https:\/\/www.cru.org\/panama\/descubre\/para-empezar\/","url":"https:\/\/www.cru.org\/panama\/descubre\/para-empezar\/","name":"Para empezar - Cru Panam\u00e1","isPartOf":{"@id":"https:\/\/www.cru.org\/panama\/#website"},"primaryImageOfPage":{"@id":"https:\/\/www.cru.org\/panama\/descubre\/para-empezar\/#primaryimage"},"image":{"@id":"https:\/\/www.cru.org\/panama\/descubre\/para-empezar\/#primaryimage"},"thumbnailUrl":"https:\/\/www.cru.org\/content\/dam\/global\/crumexico\/crecer-y-equipar\/10-basic-steps-step-34.jpg","datePublished":"2025-08-04T01:31:33+00:00","dateModified":"2025-10-24T01:46:35+00:00","breadcrumb":{"@id":"https:\/\/www.cru.org\/panama\/descubre\/para-empezar\/#breadcrumb"},"inLanguage":"en-US","potentialAction":[{"@type":"ReadAction","target":["https:\/\/www.cru.org\/panama\/descubre\/para-empezar\/"]}]},{"@type":"ImageObject","inLanguage":"en-US","@id":"https:\/\/www.cru.org\/panama\/descubre\/para-empezar\/#primaryimage","url":"https:\/\/www.cru.org\/content\/dam\/global\/crumexico\/crecer-y-equipar\/10-basic-steps-step-34.jpg","contentUrl":"https:\/\/www.cru.org\/content\/dam\/global\/crumexico\/crecer-y-equipar\/10-basic-steps-step-34.jpg"},{"@type":"BreadcrumbList","@id":"https:\/\/www.cru.org\/panama\/descubre\/para-empezar\/#breadcrumb","itemListElement":[{"@type":"ListItem","position":1,"name":"Home","item":"https:\/\/www.cru.org\/panama\/"},{"@type":"ListItem","position":2,"name":"Descubre","item":"https:\/\/www.cru.org\/panama\/descubre\/"},{"@type":"ListItem","position":3,"name":"Para empezar"}]},{"@type":"WebSite","@id":"https:\/\/www.cru.org\/panama\/#website","url":"https:\/\/www.cru.org\/panama\/","name":"Cru Panam\u00e1","description":"","publisher":{"@id":"https:\/\/www.cru.org\/panama\/#organization"},"potentialAction":[{"@type":"SearchAction","target":{"@type":"EntryPoint","urlTemplate":"https:\/\/www.cru.org\/panama\/?s={search_term_string}"},"query-input":{"@type":"PropertyValueSpecification","valueRequired":true,"valueName":"search_term_string"}}],"inLanguage":"en-US"},{"@type":"Organization","@id":"https:\/\/www.cru.org\/panama\/#organization","name":"Cru Panam\u00e1","url":"https:\/\/www.cru.org\/panama\/","logo":{"@type":"ImageObject","inLanguage":"en-US","@id":"https:\/\/www.cru.org\/panama\/#\/schema\/logo\/image\/","url":"https:\/\/www.cru.org\/panama\/wp-content\/uploads\/sites\/960\/2023\/08\/cru_logo.png","contentUrl":"https:\/\/www.cru.org\/panama\/wp-content\/uploads\/sites\/960\/2023\/08\/cru_logo.png","width":360,"height":224,"caption":"Cru Panam\u00e1"},"image":{"@id":"https:\/\/www.cru.org\/panama\/#\/schema\/logo\/image\/"}}]}},"jetpack_sharing_enabled":true,"meta_box":{"_cloudsearch_visibility":"0"},"_links":{"self":[{"href":"https:\/\/www.cru.org\/panama\/wp-json\/wp\/v2\/pages\/5304","targetHints":{"allow":["GET"]}}],"collection":[{"href":"https:\/\/www.cru.org\/panama\/wp-json\/wp\/v2\/pages"}],"about":[{"href":"https:\/\/www.cru.org\/panama\/wp-json\/wp\/v2\/types\/page"}],"author":[{"embeddable":true,"href":"https:\/\/www.cru.org\/panama\/wp-json\/wp\/v2\/users\/203081"}],"replies":[{"embeddable":true,"href":"https:\/\/www.cru.org\/panama\/wp-json\/wp\/v2\/comments?post=5304"}],"version-history":[{"count":14,"href":"https:\/\/www.cru.org\/panama\/wp-json\/wp\/v2\/pages\/5304\/revisions"}],"predecessor-version":[{"id":5687,"href":"https:\/\/www.cru.org\/panama\/wp-json\/wp\/v2\/pages\/5304\/revisions\/5687"}],"up":[{"embeddable":true,"href":"https:\/\/www.cru.org\/panama\/wp-json\/wp\/v2\/pages\/5593"}],"wp:attachment":[{"href":"https:\/\/www.cru.org\/panama\/wp-json\/wp\/v2\/media?parent=5304"}],"curies":[{"name":"wp","href":"https:\/\/api.w.org\/{rel}","templated":true}]}}