{"id":3629,"date":"2024-06-03T20:42:06","date_gmt":"2024-06-03T20:42:06","guid":{"rendered":"https:\/\/www.cru.org\/panama\/?page_id=3629"},"modified":"2025-08-13T02:24:27","modified_gmt":"2025-08-13T02:24:27","slug":"post-3629","status":"publish","type":"page","link":"https:\/\/www.cru.org\/panama\/post-3629\/","title":{"rendered":"TIENDA \/ RECURSOS"},"content":{"rendered":"\n<h1>\n\t\tAlgunos de nuestros productos disponibles\n\t<\/h1>\n<h4>\n\t\tT-shirts The Four\u00a0\n\t<\/h4>\n\t<p>Para damas y para hombres talla S, M, L y XL separa la tuya<\/p>\n\t\t\t<a href=\"https:\/\/wa.me\/62418730\" target=\"_self\">\n\t\t\t\t\t\t\tComprar\n\t\t\t<\/a>\n\t\t\t\t<img fetchpriority=\"high\" decoding=\"async\" src=\"https:\/\/www.cru.org\/panama\/wp-content\/uploads\/sites\/960\/2025\/08\/Captura-de-pantalla-2025-08-08-a-las-3.21.01-p.-m.png\" alt=\"Captura de pantalla 2025-08-08 a la(s) 3.21.01\u202fp.\u00a0m.\" height=\"1456\" width=\"1160\" title=\"Captura de pantalla 2025-08-08 a la(s) 3.21.01\u202fp.\u00a0m.\" \/>\n\t\t\t\t<img decoding=\"async\" src=\"https:\/\/www.cru.org\/panama\/wp-content\/uploads\/sites\/960\/2025\/08\/Diseno-sin-titulo-2.png\" alt=\"Dise\u00f1o sin t\u00edtulo-2\" height=\"567\" width=\"854\" title=\"Dise\u00f1o sin t\u00edtulo-2\" \/>\n\t\t\t\t<img decoding=\"async\" src=\"https:\/\/www.cru.org\/panama\/wp-content\/uploads\/sites\/960\/2025\/08\/2.png\" alt=\"2\" height=\"567\" width=\"854\" title=\"2\" \/>\n\t\t\t\t<img loading=\"lazy\" decoding=\"async\" src=\"https:\/\/www.cru.org\/panama\/wp-content\/uploads\/sites\/960\/2025\/08\/Diseno-sin-titulo-6.png\" alt=\"Dise\u00f1o sin t\u00edtulo-6\" height=\"567\" width=\"854\" title=\"Dise\u00f1o sin t\u00edtulo-6\" \/>\n\t\t\t\t<img loading=\"lazy\" decoding=\"async\" src=\"https:\/\/www.cru.org\/panama\/wp-content\/uploads\/sites\/960\/2025\/08\/Diseno-sin-titulo-3.png\" alt=\"Dise\u00f1o sin t\u00edtulo-3\" height=\"567\" width=\"854\" title=\"Dise\u00f1o sin t\u00edtulo-3\" \/>\n\t\t\t\t<img loading=\"lazy\" decoding=\"async\" src=\"https:\/\/www.cru.org\/panama\/wp-content\/uploads\/sites\/960\/2025\/08\/Diseno-sin-titulo-10.png\" alt=\"Dise\u00f1o sin t\u00edtulo-10\" height=\"567\" width=\"854\" title=\"Dise\u00f1o sin t\u00edtulo-10\" \/>\n\t\t\t\t<img loading=\"lazy\" decoding=\"async\" src=\"https:\/\/www.cru.org\/panama\/wp-content\/uploads\/sites\/960\/2025\/08\/Diseno-sin-titulo-9.png\" alt=\"Dise\u00f1o sin t\u00edtulo-9\" height=\"567\" width=\"854\" title=\"Dise\u00f1o sin t\u00edtulo-9\" \/>\n<h2>\n\t\tRompiendo la Cuarta Pared\n\t<\/h2>\n\t<p>A menudo, como cristianos, vivimos como si los no creyentes no existieran. Realizamos todas nuestras actividades mientras el mundo de las almas perdidas opera a nuestro alrededor al otro lado de una pared imaginaria, \u00abla cuarta pared\u00bb. Caemos en estas tendencias por diversas razones, desde el miedo, la falta de formaci\u00f3n y el ajetreo. El pastor, misionero y l\u00edder <em><strong>Todd Tillinghast<\/strong><\/em> ofrece un an\u00e1lisis n\u00edtido, fresco y desafiante de nuestro fracaso a la hora de vivir una vida misionera.<\/p>\n<p>Escrito con una mezcla de experiencia personal, contenido teol\u00f3gico s\u00f3lido y orientaci\u00f3n pr\u00e1ctica sobre c\u00f3mo cualquiera, ya sea pastor de una iglesia, l\u00edder de un grupo peque\u00f1o o una persona que siente que Dios le ha llamado a tener el m\u00e1ximo impacto en el lugar donde trabaja, puede beneficiarse de este libro.<\/p>\n\t\t\t<a href=\"https:\/\/www.amazon.com\/-\/es\/Breaking-Fourth-Wall-Barriers-Missional\/dp\/996224353X\/ref=sr_1_1?__mk_es_US=\u00c5M\u00c5\u017d\u00d5\u00d1&#038;crid=2NOJJ4L4MNBO0&#038;dib=eyJ2IjoiMSJ9.3knTVFUQfA3jUWKqqE5xxwyDrBagMX-12bE1gjaTGKw3RO2DqbbYeEtEH6R_dOFKUa2YMIFg-goj8gEWborZchW42zKRJELLzIo1luHbH2Xyrr8I55mE0leAB44OoWPKlEctQKpgrAcZ7nE3A2hLR9Jzn8mT07BR8WsuXyMyueeWHxdBTwDj7rFPTD9HZjKr7-wCvQXkFm38WJ7tB81cIuNMq4uT429pc-77VvJcISw.dWHceyIK1ds8KawHoOqo8TMtl3_zcaf3SnbAO8T4yP4&#038;dib_tag=se&#038;keywords=rompiendo+la+cuarta+pared&#038;qid=1755034810&#038;sprefix=rompiendo+la+cuarta+pared%2Caps%2C119&#038;sr=8-1\" target=\"_self\">\n\t\t\t\t\t\t\tComprar ahora\n\t\t\t<\/a>\n\t\t\t\t<img loading=\"lazy\" decoding=\"async\" src=\"https:\/\/www.cru.org\/panama\/wp-content\/uploads\/sites\/960\/2025\/08\/Diseno-sin-titulo-10.png\" alt=\"Dise\u00f1o sin t\u00edtulo-10\" height=\"567\" width=\"854\" title=\"Dise\u00f1o sin t\u00edtulo-10\" \/>\n\t\t\t\t<img loading=\"lazy\" decoding=\"async\" src=\"https:\/\/www.cru.org\/panama\/wp-content\/uploads\/sites\/960\/2025\/08\/rivka.png\" alt=\"rivka\" height=\"788\" width=\"940\" title=\"rivka\" \/>\n<h2>\n\t\tRivka\n\t<\/h2>\n\t<p>Rivka es la conmovedora historia de una familia del siglo I que experimenta las alegr\u00edas y las penas de la vida. Su historia demuestra c\u00f3mo nuestro Dios amoroso, a trav\u00e9s de Su Palabra y del Esp\u00edritu Santo, nos da fuerzas para el presente y esperanza para el futuro.<\/p>\n<p>Dise\u00f1adas como una serie de 12 partes, estas pel\u00edculas y los estudios b\u00edblicos que las acompa\u00f1an ayudan a las mujeres -y a los hombres- a crecer en su relaci\u00f3n con Dios.<\/p>\n<p>Libro del maestro y alumno $10 c\/u<\/p>\n\t\t\t<a href=\"https:\/\/wa.me\/62418730\" target=\"_self\">\n\t\t\t\t\t\t\tMira los v\u00eddeos\n\t\t\t<\/a>\n\t\t\t\t<img loading=\"lazy\" decoding=\"async\" src=\"https:\/\/www.cru.org\/panama\/wp-content\/uploads\/sites\/960\/2025\/08\/rivka-2.png\" alt=\"rivka-2\" height=\"788\" width=\"940\" title=\"rivka-2\" \/>\n<h2>\n\t\tMUESTRA TU FE: \u00a1lleva y comparte el mejor mensaje con esta moderna pulsera!\n\t<\/h2>\n<h4>\n\t\tA solo $1 puedes comprar una de las pulseras \n\t<\/h4>\n\t<p>Los s\u00edmbolos THE FOUR est\u00e1n grabados e impresos en blanco, y \u00abTHE FOUR\u00bb est\u00e1 grabado.<\/p>\n\t\t\t<a href=\"https:\/\/wa.me\/62418730\" target=\"_self\">\n\t\t\t\t\t\t\tCompra el tuyo\n\t\t\t<\/a>\n<h2>\n\t\tLo que algunos comentan\n\t<\/h2>\n\t<p>Tuve un problemas con mis hombros (frozen shoulder) y en terepaia Dios me permiti\u00f3 compartirle el evangelio a 11 personas con la pulsera.<\/p>\n\t\t\t\t<img loading=\"lazy\" decoding=\"async\" src=\"https:\/\/www.cru.org\/panama\/wp-content\/uploads\/sites\/960\/2025\/08\/85050357_10220369864252350_7646000466530140160_n.jpg\" alt=\"85050357_10220369864252350_7646000466530140160_n\" height=\"576\" width=\"576\" title=\"85050357_10220369864252350_7646000466530140160_n\" \/>\n\t<strong>Lionzo D\u00edaz<br \/>\n<\/strong>Senior Staff en Cru\n\t<p>Fui a comprar unas piezas para mi auto junto con una amiga, ambas ten\u00edamos el tshirt de The Four, el que nos atendi\u00f3 nos pregunt\u00f3 que significaban los s\u00edmbolos y en unos minutos le compartimos el evangelio<\/p>\n\t\t\t\t<img loading=\"lazy\" decoding=\"async\" src=\"https:\/\/www.cru.org\/panama\/wp-content\/uploads\/sites\/960\/2025\/08\/518255436_10171911592785167_3055191672176170644_n.jpg\" alt=\"518255436_10171911592785167_3055191672176170644_n\" height=\"960\" width=\"945\" title=\"518255436_10171911592785167_3055191672176170644_n\" \/>\n\t<strong>Selegna D\u00edaz<br \/>\n<\/strong>Estrategias Digitales\n\n","protected":false},"excerpt":{"rendered":"<p>Algunos de nuestros productos disponibles T-shirts The Four\u00a0 Para damas y para hombres talla S, M, L y XL separa la tuya Comprar Rompiendo la Cuarta Pared A menudo, como cristianos, vivimos como si los no creyentes no existieran. Realizamos todas nuestras actividades mientras el mundo de las almas perdidas opera a nuestro alrededor al [&hellip;]<\/p>\n","protected":false},"author":84609,"featured_media":0,"parent":0,"menu_order":0,"comment_status":"closed","ping_status":"closed","template":"","meta":{"_acf_changed":false,"_seopress_robots_primary_cat":"","_seopress_titles_title":"","_seopress_titles_desc":"","_seopress_robots_index":"","footnotes":""},"class_list":["post-3629","page","type-page","status-publish","hentry"],"acf":[],"yoast_head":"<!-- This site is optimized with the Yoast SEO plugin v26.7 - https:\/\/yoast.com\/wordpress\/plugins\/seo\/ -->\n<title>TIENDA \/ RECURSOS - Cru Panam\u00e1<\/title>\n<meta name=\"robots\" content=\"index, follow, max-snippet:-1, max-image-preview:large, max-video-preview:-1\" \/>\n<link rel=\"canonical\" href=\"https:\/\/www.cru.org\/panama\/post-3629\/\" \/>\n<meta property=\"og:locale\" content=\"en_US\" \/>\n<meta property=\"og:type\" content=\"article\" \/>\n<meta property=\"og:title\" content=\"TIENDA \/ RECURSOS - Cru Panam\u00e1\" \/>\n<meta property=\"og:description\" content=\"Algunos de nuestros productos disponibles T-shirts The Four\u00a0 Para damas y para hombres talla S, M, L y XL separa la tuya Comprar Rompiendo la Cuarta Pared A menudo, como cristianos, vivimos como si los no creyentes no existieran. Realizamos todas nuestras actividades mientras el mundo de las almas perdidas opera a nuestro alrededor al [&hellip;]\" \/>\n<meta property=\"og:url\" content=\"https:\/\/www.cru.org\/panama\/post-3629\/\" \/>\n<meta property=\"og:site_name\" content=\"Cru Panam\u00e1\" \/>\n<meta property=\"article:modified_time\" content=\"2025-08-13T02:24:27+00:00\" \/>\n<meta property=\"og:image\" content=\"https:\/\/www.cru.org\/panama\/wp-content\/uploads\/sites\/960\/2025\/08\/Captura-de-pantalla-2025-08-08-a-las-3.21.01-p.-m.png\" \/>\n<meta name=\"twitter:card\" content=\"summary_large_image\" \/>\n<meta name=\"twitter:label1\" content=\"Est. reading time\" \/>\n\t<meta name=\"twitter:data1\" content=\"4 minutes\" \/>\n<script type=\"application\/ld+json\" class=\"yoast-schema-graph\">{\"@context\":\"https:\/\/schema.org\",\"@graph\":[{\"@type\":\"WebPage\",\"@id\":\"https:\/\/www.cru.org\/panama\/post-3629\/\",\"url\":\"https:\/\/www.cru.org\/panama\/post-3629\/\",\"name\":\"TIENDA \/ RECURSOS - Cru Panam\u00e1\",\"isPartOf\":{\"@id\":\"https:\/\/www.cru.org\/panama\/#website\"},\"primaryImageOfPage\":{\"@id\":\"https:\/\/www.cru.org\/panama\/post-3629\/#primaryimage\"},\"image\":{\"@id\":\"https:\/\/www.cru.org\/panama\/post-3629\/#primaryimage\"},\"thumbnailUrl\":\"https:\/\/www.cru.org\/panama\/wp-content\/uploads\/sites\/960\/2025\/08\/Captura-de-pantalla-2025-08-08-a-las-3.21.01-p.-m.png\",\"datePublished\":\"2024-06-03T20:42:06+00:00\",\"dateModified\":\"2025-08-13T02:24:27+00:00\",\"breadcrumb\":{\"@id\":\"https:\/\/www.cru.org\/panama\/post-3629\/#breadcrumb\"},\"inLanguage\":\"en-US\",\"potentialAction\":[{\"@type\":\"ReadAction\",\"target\":[\"https:\/\/www.cru.org\/panama\/post-3629\/\"]}]},{\"@type\":\"ImageObject\",\"inLanguage\":\"en-US\",\"@id\":\"https:\/\/www.cru.org\/panama\/post-3629\/#primaryimage\",\"url\":\"https:\/\/www.cru.org\/panama\/wp-content\/uploads\/sites\/960\/2025\/08\/Captura-de-pantalla-2025-08-08-a-las-3.21.01-p.-m.png\",\"contentUrl\":\"https:\/\/www.cru.org\/panama\/wp-content\/uploads\/sites\/960\/2025\/08\/Captura-de-pantalla-2025-08-08-a-las-3.21.01-p.-m.png\",\"width\":1160,\"height\":1456},{\"@type\":\"BreadcrumbList\",\"@id\":\"https:\/\/www.cru.org\/panama\/post-3629\/#breadcrumb\",\"itemListElement\":[{\"@type\":\"ListItem\",\"position\":1,\"name\":\"Home\",\"item\":\"https:\/\/www.cru.org\/panama\/\"},{\"@type\":\"ListItem\",\"position\":2,\"name\":\"TIENDA \/ RECURSOS\"}]},{\"@type\":\"WebSite\",\"@id\":\"https:\/\/www.cru.org\/panama\/#website\",\"url\":\"https:\/\/www.cru.org\/panama\/\",\"name\":\"Cru Panam\u00e1\",\"description\":\"\",\"publisher\":{\"@id\":\"https:\/\/www.cru.org\/panama\/#organization\"},\"potentialAction\":[{\"@type\":\"SearchAction\",\"target\":{\"@type\":\"EntryPoint\",\"urlTemplate\":\"https:\/\/www.cru.org\/panama\/?s={search_term_string}\"},\"query-input\":{\"@type\":\"PropertyValueSpecification\",\"valueRequired\":true,\"valueName\":\"search_term_string\"}}],\"inLanguage\":\"en-US\"},{\"@type\":\"Organization\",\"@id\":\"https:\/\/www.cru.org\/panama\/#organization\",\"name\":\"Cru Panam\u00e1\",\"url\":\"https:\/\/www.cru.org\/panama\/\",\"logo\":{\"@type\":\"ImageObject\",\"inLanguage\":\"en-US\",\"@id\":\"https:\/\/www.cru.org\/panama\/#\/schema\/logo\/image\/\",\"url\":\"https:\/\/www.cru.org\/panama\/wp-content\/uploads\/sites\/960\/2023\/08\/cru_logo.png\",\"contentUrl\":\"https:\/\/www.cru.org\/panama\/wp-content\/uploads\/sites\/960\/2023\/08\/cru_logo.png\",\"width\":360,\"height\":224,\"caption\":\"Cru Panam\u00e1\"},\"image\":{\"@id\":\"https:\/\/www.cru.org\/panama\/#\/schema\/logo\/image\/\"}}]}<\/script>\n<!-- \/ Yoast SEO plugin. -->","yoast_head_json":{"title":"TIENDA \/ RECURSOS - Cru Panam\u00e1","robots":{"index":"index","follow":"follow","max-snippet":"max-snippet:-1","max-image-preview":"max-image-preview:large","max-video-preview":"max-video-preview:-1"},"canonical":"https:\/\/www.cru.org\/panama\/post-3629\/","og_locale":"en_US","og_type":"article","og_title":"TIENDA \/ RECURSOS - Cru Panam\u00e1","og_description":"Algunos de nuestros productos disponibles T-shirts The Four\u00a0 Para damas y para hombres talla S, M, L y XL separa la tuya Comprar Rompiendo la Cuarta Pared A menudo, como cristianos, vivimos como si los no creyentes no existieran. Realizamos todas nuestras actividades mientras el mundo de las almas perdidas opera a nuestro alrededor al [&hellip;]","og_url":"https:\/\/www.cru.org\/panama\/post-3629\/","og_site_name":"Cru Panam\u00e1","article_modified_time":"2025-08-13T02:24:27+00:00","og_image":[{"url":"https:\/\/www.cru.org\/panama\/wp-content\/uploads\/sites\/960\/2025\/08\/Captura-de-pantalla-2025-08-08-a-las-3.21.01-p.-m.png","type":"","width":"","height":""}],"twitter_card":"summary_large_image","twitter_misc":{"Est. reading time":"4 minutes"},"schema":{"@context":"https:\/\/schema.org","@graph":[{"@type":"WebPage","@id":"https:\/\/www.cru.org\/panama\/post-3629\/","url":"https:\/\/www.cru.org\/panama\/post-3629\/","name":"TIENDA \/ RECURSOS - Cru Panam\u00e1","isPartOf":{"@id":"https:\/\/www.cru.org\/panama\/#website"},"primaryImageOfPage":{"@id":"https:\/\/www.cru.org\/panama\/post-3629\/#primaryimage"},"image":{"@id":"https:\/\/www.cru.org\/panama\/post-3629\/#primaryimage"},"thumbnailUrl":"https:\/\/www.cru.org\/panama\/wp-content\/uploads\/sites\/960\/2025\/08\/Captura-de-pantalla-2025-08-08-a-las-3.21.01-p.-m.png","datePublished":"2024-06-03T20:42:06+00:00","dateModified":"2025-08-13T02:24:27+00:00","breadcrumb":{"@id":"https:\/\/www.cru.org\/panama\/post-3629\/#breadcrumb"},"inLanguage":"en-US","potentialAction":[{"@type":"ReadAction","target":["https:\/\/www.cru.org\/panama\/post-3629\/"]}]},{"@type":"ImageObject","inLanguage":"en-US","@id":"https:\/\/www.cru.org\/panama\/post-3629\/#primaryimage","url":"https:\/\/www.cru.org\/panama\/wp-content\/uploads\/sites\/960\/2025\/08\/Captura-de-pantalla-2025-08-08-a-las-3.21.01-p.-m.png","contentUrl":"https:\/\/www.cru.org\/panama\/wp-content\/uploads\/sites\/960\/2025\/08\/Captura-de-pantalla-2025-08-08-a-las-3.21.01-p.-m.png","width":1160,"height":1456},{"@type":"BreadcrumbList","@id":"https:\/\/www.cru.org\/panama\/post-3629\/#breadcrumb","itemListElement":[{"@type":"ListItem","position":1,"name":"Home","item":"https:\/\/www.cru.org\/panama\/"},{"@type":"ListItem","position":2,"name":"TIENDA \/ RECURSOS"}]},{"@type":"WebSite","@id":"https:\/\/www.cru.org\/panama\/#website","url":"https:\/\/www.cru.org\/panama\/","name":"Cru Panam\u00e1","description":"","publisher":{"@id":"https:\/\/www.cru.org\/panama\/#organization"},"potentialAction":[{"@type":"SearchAction","target":{"@type":"EntryPoint","urlTemplate":"https:\/\/www.cru.org\/panama\/?s={search_term_string}"},"query-input":{"@type":"PropertyValueSpecification","valueRequired":true,"valueName":"search_term_string"}}],"inLanguage":"en-US"},{"@type":"Organization","@id":"https:\/\/www.cru.org\/panama\/#organization","name":"Cru Panam\u00e1","url":"https:\/\/www.cru.org\/panama\/","logo":{"@type":"ImageObject","inLanguage":"en-US","@id":"https:\/\/www.cru.org\/panama\/#\/schema\/logo\/image\/","url":"https:\/\/www.cru.org\/panama\/wp-content\/uploads\/sites\/960\/2023\/08\/cru_logo.png","contentUrl":"https:\/\/www.cru.org\/panama\/wp-content\/uploads\/sites\/960\/2023\/08\/cru_logo.png","width":360,"height":224,"caption":"Cru Panam\u00e1"},"image":{"@id":"https:\/\/www.cru.org\/panama\/#\/schema\/logo\/image\/"}}]}},"jetpack_sharing_enabled":true,"meta_box":{"_cloudsearch_visibility":"0"},"_links":{"self":[{"href":"https:\/\/www.cru.org\/panama\/wp-json\/wp\/v2\/pages\/3629","targetHints":{"allow":["GET"]}}],"collection":[{"href":"https:\/\/www.cru.org\/panama\/wp-json\/wp\/v2\/pages"}],"about":[{"href":"https:\/\/www.cru.org\/panama\/wp-json\/wp\/v2\/types\/page"}],"author":[{"embeddable":true,"href":"https:\/\/www.cru.org\/panama\/wp-json\/wp\/v2\/users\/84609"}],"replies":[{"embeddable":true,"href":"https:\/\/www.cru.org\/panama\/wp-json\/wp\/v2\/comments?post=3629"}],"version-history":[{"count":7,"href":"https:\/\/www.cru.org\/panama\/wp-json\/wp\/v2\/pages\/3629\/revisions"}],"predecessor-version":[{"id":5635,"href":"https:\/\/www.cru.org\/panama\/wp-json\/wp\/v2\/pages\/3629\/revisions\/5635"}],"wp:attachment":[{"href":"https:\/\/www.cru.org\/panama\/wp-json\/wp\/v2\/media?parent=3629"}],"curies":[{"name":"wp","href":"https:\/\/api.w.org\/{rel}","templated":true}]}}